{"id":2927,"date":"2020-10-10T09:33:15","date_gmt":"2020-10-10T15:33:15","guid":{"rendered":"http:\/\/numis.org\/numis-cc\/?page_id=2927"},"modified":"2020-11-19T15:33:00","modified_gmt":"2020-11-19T21:33:00","slug":"october-2018-spotlight","status":"publish","type":"page","link":"http:\/\/numis.org\/numis-cc\/coins-of-the-month\/october-2018-spotlight\/","title":{"rendered":"October 2018 Spotlight"},"content":{"rendered":"<div id=\"modal-ready\">\t\t<div data-elementor-type=\"wp-page\" data-elementor-id=\"2927\" class=\"elementor elementor-2927\" data-elementor-settings=\"[]\">\n\t\t\t\t\t\t<div class=\"elementor-inner\">\n\t\t\t\t\t\t\t<div class=\"elementor-section-wrap\">\n\t\t\t\t\t\t\t<section class=\"elementor-section elementor-top-section elementor-element elementor-element-005adc1 elementor-section-boxed elementor-section-height-default elementor-section-height-default\" data-id=\"005adc1\" data-element_type=\"section\">\n\t\t\t\t\t\t<div class=\"elementor-container elementor-column-gap-default\">\n\t\t\t\t\t\t\t<div class=\"elementor-row\">\n\t\t\t\t\t<div class=\"elementor-column elementor-col-100 elementor-top-column elementor-element elementor-element-0321a94\" data-id=\"0321a94\" data-element_type=\"column\">\n\t\t\t<div class=\"elementor-column-wrap elementor-element-populated\">\n\t\t\t\t\t\t\t<div class=\"elementor-widget-wrap\">\n\t\t\t\t\t\t<div class=\"elementor-element elementor-element-6798f5a elementor-widget elementor-widget-image\" data-id=\"6798f5a\" data-element_type=\"widget\" data-widget_type=\"image.default\">\n\t\t\t\t<div class=\"elementor-widget-container\">\n\t\t\t\t\t<div class=\"elementor-image\">\n\t\t\t\t\t\t\t\t\t\t\t<a href=\"http:\/\/numis.org\/numis-cc\/wp-content\/uploads\/2020\/10\/Italy_Ferd_Naples.jpg\" data-elementor-open-lightbox=\"yes\" data-elementor-lightbox-title=\"Italy_Ferd_Naples\">\n\t\t\t\t\t\t\t<img width=\"870\" height=\"445\" src=\"http:\/\/numis.org\/numis-cc\/wp-content\/uploads\/2020\/10\/Italy_Ferd_Naples.jpg\" class=\"attachment-large size-large\" alt=\"\" loading=\"lazy\" srcset=\"http:\/\/numis.org\/numis-cc\/wp-content\/uploads\/2020\/10\/Italy_Ferd_Naples.jpg 870w, http:\/\/numis.org\/numis-cc\/wp-content\/uploads\/2020\/10\/Italy_Ferd_Naples-300x153.jpg 300w, http:\/\/numis.org\/numis-cc\/wp-content\/uploads\/2020\/10\/Italy_Ferd_Naples-768x393.jpg 768w\" sizes=\"(max-width: 870px) 100vw, 870px\" \/>\t\t\t\t\t\t\t\t<\/a>\n\t\t\t\t\t\t\t\t\t\t\t<\/div>\n\t\t\t\t<\/div>\n\t\t\t\t<\/div>\n\t\t\t\t<div class=\"elementor-element elementor-element-b2d823d elementor-widget elementor-widget-text-editor\" data-id=\"b2d823d\" data-element_type=\"widget\" data-widget_type=\"text-editor.default\">\n\t\t\t\t<div class=\"elementor-widget-container\">\n\t\t\t\t\t<div class=\"elementor-text-editor elementor-clearfix\"><div class=\"numis-content spacer-top-5\">\n    <h4 class=\"spacer-bottom\">NAPLES, October 2018<\/h4>\n    <span class=\"sub-title spacer-bottom-2\">Ferdinand II of Aragon &#8211; Coronato<\/span>\n    <p>Ferdinand is today best known for his role in inaugurating the discovery of the New World, since he and Isabella sponsored the first voyage of Christopher Columbus in 1492. That year he also fought the final war with Granada which expunged the last Islamic state on Iberian soil, thus bringing to a close the centuries-long Reconquista. Ferdinand II (Aragonese: Ferrando II d&#8217;Arag\u00f3n, Spanish: Fernando II de Arag\u00f3n, Catalan: Ferran el Cat\u00f2lic) (10 March 1452 \u2013 23 January 1516), called the Catholic, was King of Sicily from 1468 and King of Aragon from 1479 until his death. As a consequence of his marriage to Isabella I, he was King of Castile as Ferdinand V from 1474 until her death in 1504. He was recognised as regent of Castile for his daughter and heir, Joanna, from 1508 until his own death. In 1504, after a war with France, he became King of Naples as Ferdinand III, reuniting Naples with Sicily permanently and for the first time since 1458. In 1512, he became King of Navarre by conquest. (Wikipedia)\nFerdinando I d\u2019Aragona (1458-1494), Coronato, Napoli, AR, (g 3,91, mm 26). + FERDINANDVS:D:G:R\u22c5SICIL:IER\u22c5, striped cross, below C, Rv. :CORONATVS:QA:LEGITME:CERT:, bust of king r., wearing crown; at l. C. MIR 68\/12; Pannuti-Riccio 15m. B# 1673; C&#038;C #1270. The large cross is of the type typically represented on the sails of the Columbus flagship the Santa Maria.\n<\/p>\n<\/div><\/div>\n\t\t\t\t<\/div>\n\t\t\t\t<\/div>\n\t\t\t\t\t\t<\/div>\n\t\t\t\t\t<\/div>\n\t\t<\/div>\n\t\t\t\t\t\t\t\t<\/div>\n\t\t\t\t\t<\/div>\n\t\t<\/section>\n\t\t\t\t<section class=\"elementor-section elementor-top-section elementor-element elementor-element-fe30142 elementor-section-boxed elementor-section-height-default elementor-section-height-default\" data-id=\"fe30142\" data-element_type=\"section\">\n\t\t\t\t\t\t<div class=\"elementor-container elementor-column-gap-default\">\n\t\t\t\t\t\t\t<div class=\"elementor-row\">\n\t\t\t\t\t<div class=\"elementor-column elementor-col-100 elementor-top-column elementor-element elementor-element-135afe5\" data-id=\"135afe5\" data-element_type=\"column\">\n\t\t\t<div class=\"elementor-column-wrap elementor-element-populated\">\n\t\t\t\t\t\t\t<div class=\"elementor-widget-wrap\">\n\t\t\t\t\t\t<div class=\"elementor-element elementor-element-84acb45 elementor-widget elementor-widget-text-editor\" data-id=\"84acb45\" data-element_type=\"widget\" data-widget_type=\"text-editor.default\">\n\t\t\t\t<div class=\"elementor-widget-container\">\n\t\t\t\t\t<div class=\"elementor-text-editor elementor-clearfix\"><a class=\"carat-link left blue spacer-top-5\" href=\"..\/coin-spotlight\/\">Back to Coins<\/a><\/div>\n\t\t\t\t<\/div>\n\t\t\t\t<\/div>\n\t\t\t\t\t\t<\/div>\n\t\t\t\t\t<\/div>\n\t\t<\/div>\n\t\t\t\t\t\t\t\t<\/div>\n\t\t\t\t\t<\/div>\n\t\t<\/section>\n\t\t\t\t\t\t<\/div>\n\t\t\t\t\t\t<\/div>\n\t\t\t\t\t<\/div>\n\t\t<\/div>","protected":false},"excerpt":{"rendered":"<p>NAPLES, October 2018 Ferdinand II of Aragon &#8211; Coronato Ferdinand is today best known for his role in inaugurating the discovery of the New World, since he and Isabella sponsored the first voyage of Christopher Columbus in 1492. That year he also fought the final war with Granada which expunged the last Islamic state on [&hellip;]<\/p>\n","protected":false},"author":370,"featured_media":0,"parent":379,"menu_order":0,"comment_status":"closed","ping_status":"closed","template":"","meta":{"_bbp_topic_count":0,"_bbp_reply_count":0,"_bbp_total_topic_count":0,"_bbp_total_reply_count":0,"_bbp_voice_count":0,"_bbp_anonymous_reply_count":0,"_bbp_topic_count_hidden":0,"_bbp_reply_count_hidden":0,"_bbp_forum_subforum_count":0},"_links":{"self":[{"href":"http:\/\/numis.org\/numis-cc\/wp-json\/wp\/v2\/pages\/2927"}],"collection":[{"href":"http:\/\/numis.org\/numis-cc\/wp-json\/wp\/v2\/pages"}],"about":[{"href":"http:\/\/numis.org\/numis-cc\/wp-json\/wp\/v2\/types\/page"}],"author":[{"embeddable":true,"href":"http:\/\/numis.org\/numis-cc\/wp-json\/wp\/v2\/users\/370"}],"replies":[{"embeddable":true,"href":"http:\/\/numis.org\/numis-cc\/wp-json\/wp\/v2\/comments?post=2927"}],"version-history":[{"count":8,"href":"http:\/\/numis.org\/numis-cc\/wp-json\/wp\/v2\/pages\/2927\/revisions"}],"predecessor-version":[{"id":3617,"href":"http:\/\/numis.org\/numis-cc\/wp-json\/wp\/v2\/pages\/2927\/revisions\/3617"}],"up":[{"embeddable":true,"href":"http:\/\/numis.org\/numis-cc\/wp-json\/wp\/v2\/pages\/379"}],"wp:attachment":[{"href":"http:\/\/numis.org\/numis-cc\/wp-json\/wp\/v2\/media?parent=2927"}],"curies":[{"name":"wp","href":"https:\/\/api.w.org\/{rel}","templated":true}]}}