{"id":2834,"date":"2020-10-10T08:58:04","date_gmt":"2020-10-10T14:58:04","guid":{"rendered":"http:\/\/numis.org\/numis-cc\/?page_id=2834"},"modified":"2020-11-19T15:30:19","modified_gmt":"2020-11-19T21:30:19","slug":"march-2020-spotlight","status":"publish","type":"page","link":"http:\/\/numis.org\/numis-cc\/coins-of-the-month\/march-2020-spotlight\/","title":{"rendered":"March 2020 Spotlight"},"content":{"rendered":"<div id=\"modal-ready\">\t\t<div data-elementor-type=\"wp-page\" data-elementor-id=\"2834\" class=\"elementor elementor-2834\" data-elementor-settings=\"[]\">\n\t\t\t\t\t\t<div class=\"elementor-inner\">\n\t\t\t\t\t\t\t<div class=\"elementor-section-wrap\">\n\t\t\t\t\t\t\t<section class=\"elementor-section elementor-top-section elementor-element elementor-element-005adc1 elementor-section-boxed elementor-section-height-default elementor-section-height-default\" data-id=\"005adc1\" data-element_type=\"section\">\n\t\t\t\t\t\t<div class=\"elementor-container elementor-column-gap-default\">\n\t\t\t\t\t\t\t<div class=\"elementor-row\">\n\t\t\t\t\t<div class=\"elementor-column elementor-col-100 elementor-top-column elementor-element elementor-element-0321a94\" data-id=\"0321a94\" data-element_type=\"column\">\n\t\t\t<div class=\"elementor-column-wrap elementor-element-populated\">\n\t\t\t\t\t\t\t<div class=\"elementor-widget-wrap\">\n\t\t\t\t\t\t<div class=\"elementor-element elementor-element-6798f5a elementor-widget elementor-widget-image\" data-id=\"6798f5a\" data-element_type=\"widget\" data-widget_type=\"image.default\">\n\t\t\t\t<div class=\"elementor-widget-container\">\n\t\t\t\t\t<div class=\"elementor-image\">\n\t\t\t\t\t\t\t\t\t\t\t<a href=\"http:\/\/numis.org\/numis-cc\/wp-content\/uploads\/2020\/10\/HUN_1Kbx_Millennium.jpg\" data-elementor-open-lightbox=\"yes\" data-elementor-lightbox-title=\"HUN_1Kbx_Millennium\">\n\t\t\t\t\t\t\t<img width=\"900\" height=\"458\" src=\"http:\/\/numis.org\/numis-cc\/wp-content\/uploads\/2020\/10\/HUN_1Kbx_Millennium.jpg\" class=\"attachment-large size-large\" alt=\"\" loading=\"lazy\" srcset=\"http:\/\/numis.org\/numis-cc\/wp-content\/uploads\/2020\/10\/HUN_1Kbx_Millennium.jpg 900w, http:\/\/numis.org\/numis-cc\/wp-content\/uploads\/2020\/10\/HUN_1Kbx_Millennium-300x153.jpg 300w, http:\/\/numis.org\/numis-cc\/wp-content\/uploads\/2020\/10\/HUN_1Kbx_Millennium-768x391.jpg 768w\" sizes=\"(max-width: 900px) 100vw, 900px\" \/>\t\t\t\t\t\t\t\t<\/a>\n\t\t\t\t\t\t\t\t\t\t\t<\/div>\n\t\t\t\t<\/div>\n\t\t\t\t<\/div>\n\t\t\t\t<div class=\"elementor-element elementor-element-e4fbf5e elementor-widget elementor-widget-text-editor\" data-id=\"e4fbf5e\" data-element_type=\"widget\" data-widget_type=\"text-editor.default\">\n\t\t\t\t<div class=\"elementor-widget-container\">\n\t\t\t\t\t<div class=\"elementor-text-editor elementor-clearfix\"><div class=\"numis-content spacer-top-5\">\n    <h4 class=\"spacer-bottom\">HUNGARY, March 2020<\/h4>\n    <span class=\"sub-title spacer-bottom-2\">Millennium Commemorative 1 Korona &#8211; 1896<\/span>\n    <p>One Thousand Years of Hungary commemorative 1 Korona depicting Arpad on horseback leading his people into a new homeland, probably accompanied by his queen and son (s). Arpad (845 &#8211; 907 AD) was the head of the confederation of the Hungarian tribes at the turn of the 9th and 10th centuries. In a history involving the Byzantines and Bulgarians, the Bulgarians where attacking territories held by the Byzantines and they used the Hunnic tribal armies, led by Arpad, to push them back.  In turn the Bulgarians hired the forces of the Pechenegs, a Turkic tribe, to unseat the forces of Arpad from their occupied territory. Thus, the Hungarians were forced to leave for a new homeland across the Carpathian Mountains towards the Pannonian Plain. While the medieval history is somewhat confused, Arpad, traditionally described as a descendant of Attila the Hun, led his people to this new homeland in 895 &#8211; 896 AD, and thus began a millennium of the Hungarian people celebrated on this Korona of 1896.\nThis is an original strike and a one year type. This type has been re-struck several times in proof silver, with and without an edge inscription. While this is a common commemorative coin that is usually seen circulated, this specimen was obtained because it was still in a special cloth box of issue, labeled &#8220;Milleniumi Koronaerem 1896&#8221; on the lid. You can see a partial photo of this box of issue at this <a href=\"http:\/\/www.moneta-coins.com\/photopost\/showphoto.php?photo=3017&#038;title=hungary-1-korona-1896millennium-box&#038;cat=572\" target=\"_blank\">LINK<\/a>. More than one version of this box has been noted, with another best described as a reddish brown fiber box.<\/p>\n    <p>The King depicted on the obverse is Franz Joseph I, wearing the famous <a href=\"https:\/\/en.wikipedia.org\/wiki\/Holy_Crown_of_Hungary\" target=\"_blank\">Holy Crown of Hungary<\/a>. This Byzantine made crown is still a Hungarian National Treasure and has been worn by all Hungarian monarchs since it was made in the 1070&#8217;s. The coins&#8217; obverse inscription: \u00b7AZ EZER\u00c9VES MAGYARORSZ\u00c1G EML\u00c9K\u00c9RE 1896 \u00b7 1 KORONA (meaning: &#8220;To the Memory of the Millennium of Hungary 1896 1 Crown) with K\u00b7B\u00b7 under the King&#8217;s shoulder. The edge lettering reads: ~*~ BIZALMAM AZ \u0150SI ER\u00c9NYBEN (translation: &#8220;MY FAITH LIES IN ANCIENT VIRTUES&#8221;). The engraver was Filip Edmund Beck and the &#8216;K.B.&#8217; is the mintmark for the Kremnitz mint, the coin has a medal alignment and only 1 million were struck.<\/p>\n<\/div><\/div>\n\t\t\t\t<\/div>\n\t\t\t\t<\/div>\n\t\t\t\t\t\t<\/div>\n\t\t\t\t\t<\/div>\n\t\t<\/div>\n\t\t\t\t\t\t\t\t<\/div>\n\t\t\t\t\t<\/div>\n\t\t<\/section>\n\t\t\t\t<section class=\"elementor-section elementor-top-section elementor-element elementor-element-36d0ed7 elementor-section-boxed elementor-section-height-default elementor-section-height-default\" data-id=\"36d0ed7\" data-element_type=\"section\">\n\t\t\t\t\t\t<div class=\"elementor-container elementor-column-gap-default\">\n\t\t\t\t\t\t\t<div class=\"elementor-row\">\n\t\t\t\t\t<div class=\"elementor-column elementor-col-100 elementor-top-column elementor-element elementor-element-368d2e5\" data-id=\"368d2e5\" data-element_type=\"column\">\n\t\t\t<div class=\"elementor-column-wrap elementor-element-populated\">\n\t\t\t\t\t\t\t<div class=\"elementor-widget-wrap\">\n\t\t\t\t\t\t<div class=\"elementor-element elementor-element-5eebc0f elementor-widget elementor-widget-text-editor\" data-id=\"5eebc0f\" data-element_type=\"widget\" data-widget_type=\"text-editor.default\">\n\t\t\t\t<div class=\"elementor-widget-container\">\n\t\t\t\t\t<div class=\"elementor-text-editor elementor-clearfix\"><a class=\"carat-link left blue spacer-top-5\" href=\"..\/coin-spotlight\/\">Back to Coins<\/a><\/div>\n\t\t\t\t<\/div>\n\t\t\t\t<\/div>\n\t\t\t\t\t\t<\/div>\n\t\t\t\t\t<\/div>\n\t\t<\/div>\n\t\t\t\t\t\t\t\t<\/div>\n\t\t\t\t\t<\/div>\n\t\t<\/section>\n\t\t\t\t\t\t<\/div>\n\t\t\t\t\t\t<\/div>\n\t\t\t\t\t<\/div>\n\t\t<\/div>","protected":false},"excerpt":{"rendered":"<p>HUNGARY, March 2020 Millennium Commemorative 1 Korona &#8211; 1896 One Thousand Years of Hungary commemorative 1 Korona depicting Arpad on horseback leading his people into a new homeland, probably accompanied by his queen and son (s). Arpad (845 &#8211; 907 AD) was the head of the confederation of the Hungarian tribes at the turn of [&hellip;]<\/p>\n","protected":false},"author":370,"featured_media":0,"parent":379,"menu_order":0,"comment_status":"closed","ping_status":"closed","template":"","meta":{"_bbp_topic_count":0,"_bbp_reply_count":0,"_bbp_total_topic_count":0,"_bbp_total_reply_count":0,"_bbp_voice_count":0,"_bbp_anonymous_reply_count":0,"_bbp_topic_count_hidden":0,"_bbp_reply_count_hidden":0,"_bbp_forum_subforum_count":0},"_links":{"self":[{"href":"http:\/\/numis.org\/numis-cc\/wp-json\/wp\/v2\/pages\/2834"}],"collection":[{"href":"http:\/\/numis.org\/numis-cc\/wp-json\/wp\/v2\/pages"}],"about":[{"href":"http:\/\/numis.org\/numis-cc\/wp-json\/wp\/v2\/types\/page"}],"author":[{"embeddable":true,"href":"http:\/\/numis.org\/numis-cc\/wp-json\/wp\/v2\/users\/370"}],"replies":[{"embeddable":true,"href":"http:\/\/numis.org\/numis-cc\/wp-json\/wp\/v2\/comments?post=2834"}],"version-history":[{"count":7,"href":"http:\/\/numis.org\/numis-cc\/wp-json\/wp\/v2\/pages\/2834\/revisions"}],"predecessor-version":[{"id":3587,"href":"http:\/\/numis.org\/numis-cc\/wp-json\/wp\/v2\/pages\/2834\/revisions\/3587"}],"up":[{"embeddable":true,"href":"http:\/\/numis.org\/numis-cc\/wp-json\/wp\/v2\/pages\/379"}],"wp:attachment":[{"href":"http:\/\/numis.org\/numis-cc\/wp-json\/wp\/v2\/media?parent=2834"}],"curies":[{"name":"wp","href":"https:\/\/api.w.org\/{rel}","templated":true}]}}